{"id":52,"date":"2018-10-24T20:03:52","date_gmt":"2018-10-24T18:03:52","guid":{"rendered":"http:\/\/veroniqueoliviercoaching.com\/?page_id=52"},"modified":"2023-12-09T15:40:10","modified_gmt":"2023-12-09T14:40:10","slug":"la-pnl-et-le-coaching","status":"publish","type":"page","link":"https:\/\/veroniqueoliviercoaching.com\/index.php\/coaching-pnl\/la-pnl-et-le-coaching\/","title":{"rendered":"La PNL et le coaching"},"content":{"rendered":"<h1>La PNL (Programmation Neuro-Linguistique)<\/h1>\n<h2>Une d\u00e9marche pragmatique dans le domaine de la psychologie appliqu\u00e9e.<\/h2>\n<p>La <strong>PNL<\/strong> existe depuis plus de 50 ans. Ses domaines d\u2019application professionnels sont essentiellement la psychoth\u00e9rapie, le coaching, la p\u00e9dagogie, les m\u00e9tiers de la sant\u00e9, du sport et du management.<\/p>\n<p>Au d\u00e9but du 21\u00e8me si\u00e8cle, elle constitue l&rsquo;une des approches parmi les plus rapidement et durablement efficaces en coaching.<\/p>\n<p>C&rsquo;est une p\u00e9dagogie dynamique, qui propose des <strong>outils pragmatiques<\/strong>, des m\u00e9thodes et des attitudes de vie permettant de modifier des comportements, d&rsquo;ajouter des ressources vers moins de stress, plus de succ\u00e8s et de s\u00e9r\u00e9nit\u00e9, dans votre vie professionnelle et priv\u00e9e.<\/p>\n<h3>Les applications<\/h3>\n<p><img loading=\"lazy\" class=\"size-medium wp-image-53 alignleft\" src=\"http:\/\/veroniqueoliviercoaching.com\/wp-content\/uploads\/2018\/10\/Word-Art-PNL-300x273.png\" alt=\"\" width=\"300\" height=\"273\" srcset=\"https:\/\/veroniqueoliviercoaching.com\/wp-content\/uploads\/2018\/10\/Word-Art-PNL-300x273.png 300w, https:\/\/veroniqueoliviercoaching.com\/wp-content\/uploads\/2018\/10\/Word-Art-PNL.png 741w\" sizes=\"(max-width: 300px) 100vw, 300px\" \/><\/p>\n<p>La PNL est particuli\u00e8rement efficace pour r\u00e9soudre des probl\u00e8mes avec une orientation\u00a0solution:<\/p>\n<ul>\n<li><span style=\"color: #02d3ad;\"><a style=\"color: #02d3ad;\" href=\"http:\/\/veroniqueoliviercoaching.com\/index.php\/perte-de-poids\/\">bien-\u00eatre ( perte de poids)<\/a><\/span><\/li>\n<li>se remettre d\u2019une rupture ou d\u2019un deuil,<\/li>\n<li>pr\u00e9parer un examen,<\/li>\n<li>r\u00e9soudre un blocage pr\u00e9cis,<\/li>\n<li>sortir d\u2019une s\u00e9rie d\u2019\u00e9checs,<\/li>\n<li>prendre la parole en public,<\/li>\n<li>affronter certains probl\u00e8mes de sant\u00e9 ou de somatisation,<\/li>\n<li>travailler sur les troubles d\u2019une crise d\u2019identit\u00e9,<\/li>\n<li>se sentir plus \u00e0 l\u2019aise en soci\u00e9t\u00e9,<\/li>\n<li><span style=\"color: #02d3ad;\"><a style=\"color: #02d3ad;\" href=\"http:\/\/veroniqueoliviercoaching.com\/index.php\/arret-du-tabac-net\/\">travailler sur les d\u00e9pendances<\/a><\/span>,<\/li>\n<\/ul>\n<p><span style=\"color: #02d3ad;\"><a href=\"http:\/\/&lt;iframe src=&quot;https:\/\/www.google.com\/maps\/embed?pb=!1m18!1m12!1m3!1d2528.6240419099045!2d4.617531215164142!3d50.671240579313015!2m3!1f0!2f0!3f0!3m2!1i1024!2i768!4f13.1!3m3!1m2!1s0x47c17dd7d9cd94a3%3A0xb02e829f88a73f22!2sBoucle%20des%20M%C3%A9tiers%204%2C%201348%20Ottignies-Louvain-la-Neuve!5e0!3m2!1sfr!2sbe!4v1600348071529!5m2!1sfr!2sbe&quot; width=&quot;600&quot; height=&quot;450&quot; frameborder=&quot;0&quot; style=&quot;border:0;&quot; allowfullscreen=&quot;&quot; aria-hidden=&quot;false&quot; tabindex=&quot;0&quot;&gt;&lt;\/iframe&gt;\">Boucle des m\u00e9tiers, 4 &#8211; 1348 Louvain la Neuve<\/a>\u00a0<\/span><\/p>\n","protected":false},"excerpt":{"rendered":"<p>La PNL (Programmation Neuro-Linguistique) Une d\u00e9marche pragmatique dans le domaine de la psychologie appliqu\u00e9e. La PNL existe depuis plus de 50 ans. Ses domaines d\u2019application professionnels sont essentiellement la psychoth\u00e9rapie, le coaching, la p\u00e9dagogie, les m\u00e9tiers de la sant\u00e9, du sport et du management. Au d\u00e9but du 21\u00e8me si\u00e8cle, elle constitue l&rsquo;une des approches parmi [&hellip;]<\/p>\n","protected":false},"author":1,"featured_media":0,"parent":12,"menu_order":0,"comment_status":"closed","ping_status":"closed","template":"","meta":[],"_links":{"self":[{"href":"https:\/\/veroniqueoliviercoaching.com\/index.php\/wp-json\/wp\/v2\/pages\/52"}],"collection":[{"href":"https:\/\/veroniqueoliviercoaching.com\/index.php\/wp-json\/wp\/v2\/pages"}],"about":[{"href":"https:\/\/veroniqueoliviercoaching.com\/index.php\/wp-json\/wp\/v2\/types\/page"}],"author":[{"embeddable":true,"href":"https:\/\/veroniqueoliviercoaching.com\/index.php\/wp-json\/wp\/v2\/users\/1"}],"replies":[{"embeddable":true,"href":"https:\/\/veroniqueoliviercoaching.com\/index.php\/wp-json\/wp\/v2\/comments?post=52"}],"version-history":[{"count":7,"href":"https:\/\/veroniqueoliviercoaching.com\/index.php\/wp-json\/wp\/v2\/pages\/52\/revisions"}],"predecessor-version":[{"id":199,"href":"https:\/\/veroniqueoliviercoaching.com\/index.php\/wp-json\/wp\/v2\/pages\/52\/revisions\/199"}],"up":[{"embeddable":true,"href":"https:\/\/veroniqueoliviercoaching.com\/index.php\/wp-json\/wp\/v2\/pages\/12"}],"wp:attachment":[{"href":"https:\/\/veroniqueoliviercoaching.com\/index.php\/wp-json\/wp\/v2\/media?parent=52"}],"curies":[{"name":"wp","href":"https:\/\/api.w.org\/{rel}","templated":true}]}}