{"id":61,"date":"2018-10-25T09:42:42","date_gmt":"2018-10-25T07:42:42","guid":{"rendered":"http:\/\/veroniqueoliviercoaching.com\/?page_id=61"},"modified":"2023-12-09T15:44:10","modified_gmt":"2023-12-09T14:44:10","slug":"arret-du-tabac-net","status":"publish","type":"page","link":"https:\/\/veroniqueoliviercoaching.com\/index.php\/hypnose\/arret-du-tabac-net\/","title":{"rendered":"Arr\u00eat du tabac .net"},"content":{"rendered":"<p><img loading=\"lazy\" class=\"alignnone size-medium wp-image-107\" src=\"http:\/\/veroniqueoliviercoaching.com\/wp-content\/uploads\/2018\/10\/arret-tabac.net_-1-300x78.jpg\" alt=\"\" width=\"300\" height=\"78\" srcset=\"https:\/\/veroniqueoliviercoaching.com\/wp-content\/uploads\/2018\/10\/arret-tabac.net_-1-300x78.jpg 300w, https:\/\/veroniqueoliviercoaching.com\/wp-content\/uploads\/2018\/10\/arret-tabac.net_-1-768x201.jpg 768w, https:\/\/veroniqueoliviercoaching.com\/wp-content\/uploads\/2018\/10\/arret-tabac.net_-1.jpg 960w\" sizes=\"(max-width: 300px) 100vw, 300px\" \/><\/p>\n<h3>Il s\u2019agit d\u2019une m\u00e9thode douce associant les meilleures m\u00e9thodes de sevrage tabagique : hypnose, PNL, coh\u00e9rence cardiaque, &#8230; Elle s\u2019intitule\u00a0\u00ab ARRET-TABAC.NET<sup>\u00ae<\/sup>\u00a0\u00bb. Elle a permis \u00e0 des milliers de personnes d&rsquo;arr\u00eater de fumer totalement et d\u00e9finitivement. Elle est indolore, agr\u00e9able, naturelle et sans effets ind\u00e9sirables.<\/h3>\n<h3><u>\u25aa\u00a0Un <span style=\"color: #ff0000;\">taux de r\u00e9ussite<\/span> record\u00a0:<\/u><\/h3>\n<p style=\"font-weight: 400;\"><strong>95% des fumeurs ayant b\u00e9n\u00e9fici\u00e9 de cette m\u00e9thode ont cess\u00e9 d\u00e9finitivement de fumer.<\/strong><\/p>\n<p style=\"font-weight: 400;\"><strong>Une seule s\u00e9ance suffit.<\/strong><\/p>\n<p style=\"font-weight: 400;\">A titre comparatif, voici les taux de r\u00e9ussite des autres m\u00e9thodes\u00a0:<\/p>\n<p style=\"font-weight: 400;\">&#8211; Substituts nicotiniques (patchs, chewing-gums, \u2026) : environ 9 %,<\/p>\n<p style=\"font-weight: 400;\">&#8211; Zyban : 15 % au bout d\u2019un an,<\/p>\n<p style=\"font-weight: 400;\">&#8211; Champix : 22 % au bout d\u2019un an,<\/p>\n<p style=\"font-weight: 400;\">&#8211; Acupuncture : environ 20 %. Cette mesure semble varier consid\u00e9rablement d\u2019un acupuncteur \u00e0 l\u2019autre,<\/p>\n<p style=\"font-weight: 400;\">&#8211; Th\u00e9rapies cognitivo-comportementales : 27 % avec 10 semaines de traitement,<\/p>\n<p style=\"font-weight: 400;\">&#8211; <span style=\"color: #ff0000;\">La m\u00e9thode\u00a0<span style=\"font-weight: 400;\">\u00ab ARRET-TABAC.NET<sup>\u00ae<\/sup>\u00a0\u00bb<\/span><\/span>\u00a0:\u00a0<strong>95 % de r\u00e9ussite.<\/strong><\/p>\n<h3><u>\u25aa\u00a0L&rsquo;accompagnement\u00a0:<\/u><\/h3>\n<p style=\"font-weight: 400;\">\u00ab ARRET-TABAC.NET<sup>\u00ae<\/sup>\u00a0\u00bb comporte une pr\u00e9paration, une consultation personnalis\u00e9e et une garantie \u00e0 vie. Voici les d\u00e9tails de l&rsquo;accompagnement :<\/p>\n<ul>\n<li><u><strong><em>Avant la premi\u00e8re s\u00e9ance.<\/em><\/strong><\/u><\/li>\n<\/ul>\n<p style=\"font-weight: 400;\"><span style=\"color: #ff0000;\"><strong>D\u00e8s le premier contact t\u00e9l\u00e9phonique, l&rsquo;ensemble de l&rsquo;accompagnement vous sera expliqu\u00e9.<\/strong><\/span><\/p>\n<p style=\"font-weight: 400;\">Puis le rendez-vous est fix\u00e9. Enfin, vous recevez par mail un acc\u00e8s vous permettant de vous pr\u00e9parer efficacement, \u00e0 votre rythme, au sevrage tabagique, via une plateforme internet (sans avoir besoin d&rsquo;installer de logiciels sur votre ordinateur). Il s&rsquo;agit de \u00ab\u00a0la pr\u00e9paration\u00a0\u00bb dont les d\u00e9tails figurent ci-dessous.<\/p>\n<ul>\n<li><u><strong><em>La pr\u00e9paration.<\/em><\/strong><\/u><\/li>\n<\/ul>\n<p style=\"font-weight: 400;\">Avant la rencontre avec votre hypnoth\u00e9rapeute, vous b\u00e9n\u00e9ficiez d&rsquo;un acc\u00e8s r\u00e9serv\u00e9 sur une plateforme internet qui vous permettra de vous pr\u00e9parer efficacement ; des vid\u00e9os sont \u00e0 votre disposition ainsi que des fichiers en format PDF, des MP3, &#8230;<\/p>\n<p style=\"font-weight: 400;\">Vous avancez \u00e0 votre rythme, vous pouvez revenir en arri\u00e8re, votre acc\u00e8s est illimit\u00e9.<\/p>\n<p style=\"font-weight: 400;\">Cette pr\u00e9paration est indispensable pour toutes personnes qui souhaitent se lib\u00e9rer d\u00e9finitivement du tabac.<\/p>\n<p style=\"font-weight: 400;\">Nous travaillons notamment sur la d\u00e9pendance psychologique, en vous proposant une excellente m\u00e9thode de gestion du stress (exploitable dans la vie de tous les jours par ailleurs) qui agit mentalement et physiquement. Elle contient entre autre des techniques d&rsquo;auto-hypnose.<\/p>\n<p style=\"font-weight: 400;\">Le temps de pr\u00e9paration est d&rsquo;environ 2 \u00e0 3 semaines, \u00e0 raison de quelques minutes par jour.<\/p>\n<ul>\n<li><u><strong><em>Consultation : Sevrage tabagique d\u00e9finitif, dur\u00e9e environ 2H00.<\/em><\/strong><\/u><\/li>\n<\/ul>\n<p style=\"font-weight: 400;\">Elle est personnalis\u00e9e et individuelle. Plusieurs m\u00e9thodes sont associ\u00e9es, raison pour laquelle le taux de r\u00e9ussite est d&rsquo;environ 95%.<\/p>\n<p style=\"font-weight: 400;\"><strong>&#8211; Hypnose :<\/strong>\u00a0Etat naturel et agr\u00e9able destin\u00e9 \u00e0 mobiliser vos ressources inconscientes. Vous trouverez davantage d&rsquo;explications<span style=\"color: #02d3ad;\">\u00a0<a style=\"color: #02d3ad;\" href=\"http:\/\/www.arret-tabac.net\/hypnose.htm\">en cliquant ici<\/a>.<\/span><\/p>\n<p style=\"font-weight: 400;\"><strong>&#8211; PNL :<\/strong>\u00a0C&rsquo;est la Programmation Neuro-Linguistique se caract\u00e9risant par un ensemble de techniques destin\u00e9es \u00e0 programmer un comportement nouveau et sain, dans le but de vous d\u00e9barrasser d\u00e9finitivement de la cigarette.<\/p>\n<p style=\"font-weight: 400;\"><strong>&#8211; Coh\u00e9rence cardiaque :<\/strong>\u00a0C&rsquo;est une excellent m\u00e9thode qui agit psychologiquement et physiquement et dont le but est de travailler sur la d\u00e9pendance psychologique. Elle est tr\u00e8s agr\u00e9able, douce, et a \u00e9t\u00e9 l\u00e9g\u00e8rement modifi\u00e9e afin d&rsquo;\u00eatre plus efficace.<\/p>\n<ul>\n<li><u><strong><em>Apr\u00e8s la s\u00e9ance.<\/em><\/strong><\/u><\/li>\n<\/ul>\n<p style=\"font-weight: 400;\">Vous \u00eates d\u00e9finitivement lib\u00e9r\u00e9(e) de ce poison.<\/p>\n<p style=\"font-weight: 400;\">Un acc\u00e8s internet r\u00e9serv\u00e9 accessible 24H\/24 vous permet de profiter de vid\u00e9os sur une dur\u00e9e de 16 jours dans le but de renforcer l&rsquo;efficacit\u00e9 du processus. Par ailleurs, vous b\u00e9n\u00e9ficiez de la garantie \u00e0 vie<span style=\"color: #02d3ad;\"> (<a style=\"color: #02d3ad;\" href=\"http:\/\/www.arret-tabac.net\/garantie.htm\">informations : cliquez-ici<\/a>).<\/span><\/p>\n<ul>\n<li><u><strong><em>La garantie.<\/em><\/strong><\/u><\/li>\n<\/ul>\n<p style=\"font-weight: 400;\">Elle est valable \u00e0 vie. Pour plus d&rsquo;informations,\u00a0<span style=\"color: #02d3ad;\"><a style=\"color: #02d3ad;\" href=\"http:\/\/www.arret-tabac.net\/garantie.htm\">cliquez-ici<\/a>.<\/span><\/p>\n<ul>\n<li><u><strong><em>Pas de prise de poids.<\/em><\/strong><\/u><\/li>\n<\/ul>\n<p style=\"font-weight: 400;\">Il n&rsquo;y a pas de prise de poids. Votre praticien va tout vous expliquer.<\/p>\n<ul>\n<li style=\"font-weight: 400;\"><u><strong><em>Eviter la reprise.<\/em><\/strong><\/u><\/li>\n<\/ul>\n<p style=\"font-weight: 400;\">Vous \u00eates pr\u00e9par\u00e9 afin d&rsquo;\u00e9viter ce pi\u00e8ge qu&rsquo;est la reprise. Le sevrage est durable, tout est r\u00e9uni pour r\u00e9ussir.<\/p>\n<p><img loading=\"lazy\" class=\"alignnone size-medium wp-image-83\" src=\"http:\/\/veroniqueoliviercoaching.com\/wp-content\/uploads\/2018\/10\/arret-tabac.net_-300x78.jpg\" alt=\"\" width=\"300\" height=\"78\" srcset=\"https:\/\/veroniqueoliviercoaching.com\/wp-content\/uploads\/2018\/10\/arret-tabac.net_-300x78.jpg 300w, https:\/\/veroniqueoliviercoaching.com\/wp-content\/uploads\/2018\/10\/arret-tabac.net_-768x201.jpg 768w, https:\/\/veroniqueoliviercoaching.com\/wp-content\/uploads\/2018\/10\/arret-tabac.net_.jpg 960w\" sizes=\"(max-width: 300px) 100vw, 300px\" \/><\/p>\n<p><span style=\"color: #ff0000;\"><span style=\"color: #02d3ad;\"><a style=\"color: #02d3ad;\" href=\"http:\/\/veroniqueoliviercoaching.com\/index.php\/contact\/\">RENSEIGNEMENTS<\/a>\u00a0<\/span>\u00a0<\/span><\/p>\n","protected":false},"excerpt":{"rendered":"<p>Il s\u2019agit d\u2019une m\u00e9thode douce associant les meilleures m\u00e9thodes de sevrage tabagique : hypnose, PNL, coh\u00e9rence cardiaque, &#8230; Elle s\u2019intitule\u00a0\u00ab ARRET-TABAC.NET\u00ae\u00a0\u00bb. Elle a permis \u00e0 des milliers de personnes d&rsquo;arr\u00eater de fumer totalement et d\u00e9finitivement. Elle est indolore, agr\u00e9able, naturelle et sans effets ind\u00e9sirables. \u25aa\u00a0Un taux de r\u00e9ussite record\u00a0: 95% des fumeurs ayant b\u00e9n\u00e9fici\u00e9 de [&hellip;]<\/p>\n","protected":false},"author":1,"featured_media":0,"parent":57,"menu_order":0,"comment_status":"closed","ping_status":"closed","template":"","meta":[],"_links":{"self":[{"href":"https:\/\/veroniqueoliviercoaching.com\/index.php\/wp-json\/wp\/v2\/pages\/61"}],"collection":[{"href":"https:\/\/veroniqueoliviercoaching.com\/index.php\/wp-json\/wp\/v2\/pages"}],"about":[{"href":"https:\/\/veroniqueoliviercoaching.com\/index.php\/wp-json\/wp\/v2\/types\/page"}],"author":[{"embeddable":true,"href":"https:\/\/veroniqueoliviercoaching.com\/index.php\/wp-json\/wp\/v2\/users\/1"}],"replies":[{"embeddable":true,"href":"https:\/\/veroniqueoliviercoaching.com\/index.php\/wp-json\/wp\/v2\/comments?post=61"}],"version-history":[{"count":5,"href":"https:\/\/veroniqueoliviercoaching.com\/index.php\/wp-json\/wp\/v2\/pages\/61\/revisions"}],"predecessor-version":[{"id":203,"href":"https:\/\/veroniqueoliviercoaching.com\/index.php\/wp-json\/wp\/v2\/pages\/61\/revisions\/203"}],"up":[{"embeddable":true,"href":"https:\/\/veroniqueoliviercoaching.com\/index.php\/wp-json\/wp\/v2\/pages\/57"}],"wp:attachment":[{"href":"https:\/\/veroniqueoliviercoaching.com\/index.php\/wp-json\/wp\/v2\/media?parent=61"}],"curies":[{"name":"wp","href":"https:\/\/api.w.org\/{rel}","templated":true}]}}