{"id":70,"date":"2018-10-25T11:46:38","date_gmt":"2018-10-25T09:46:38","guid":{"rendered":"http:\/\/veroniqueoliviercoaching.com\/?page_id=70"},"modified":"2023-12-09T15:43:17","modified_gmt":"2023-12-09T14:43:17","slug":"perte-de-poids","status":"publish","type":"page","link":"https:\/\/veroniqueoliviercoaching.com\/index.php\/perte-de-poids\/","title":{"rendered":"Perte de poids. coaching bien-\u00eatre"},"content":{"rendered":"<p><img loading=\"lazy\" class=\"alignnone wp-image-71\" src=\"http:\/\/veroniqueoliviercoaching.com\/wp-content\/uploads\/2018\/10\/perte-de-poids-300x162.jpg\" alt=\"\" width=\"380\" height=\"205\" srcset=\"https:\/\/veroniqueoliviercoaching.com\/wp-content\/uploads\/2018\/10\/perte-de-poids-300x162.jpg 300w, https:\/\/veroniqueoliviercoaching.com\/wp-content\/uploads\/2018\/10\/perte-de-poids-768x414.jpg 768w, https:\/\/veroniqueoliviercoaching.com\/wp-content\/uploads\/2018\/10\/perte-de-poids.jpg 960w\" sizes=\"(max-width: 380px) 100vw, 380px\" \/><\/p>\n<h2>Vers votre poids de bien-\u00eatre<\/h2>\n<p>Un <span style=\"color: #02d3ad;\"><a style=\"color: #02d3ad;\" href=\"http:\/\/veroniqueoliviercoaching.com\/index.php\/coaching-pnl\/\"><strong>coaching<\/strong><\/a> <\/span>alliant la <span style=\"color: #000000;\">gestion des motivations<\/span>, un travail sur la prise de contr\u00f4le de la probl\u00e9matique et<span style=\"color: #000000;\"> <strong>une<\/strong> <strong>m\u00e9thode naturelle de perte de poids<\/strong><\/span> par une association gagnante des aliments. Finis la culpabilit\u00e9 et les r\u00e9gimes yoyo.<\/p>\n<p>A travers ce <span style=\"color: #000000;\"><strong>suivi global<\/strong><\/span> et adapt\u00e9 de fa\u00e7on personnalis\u00e9e,\u00a0 vous serez capable de d\u00e9passer vos comportements limitants et de mettre en place des\u00a0<strong><span style=\"color: #000000;\">comportements \u00e9quilibrants<\/span><\/strong>\u00a0qui tiendront compte de votre mode de vie.<\/p>\n<h2>La m\u00e9thode<\/h2>\n<p>Tout en abordant les aspects psychologiques de votre probl\u00e8me de poids et en \u00e9laborant l&rsquo;atteinte coh\u00e9rente de votre objectif, je vous propose une <strong><span style=\"color: #000000;\">m\u00e9thode naturelle<\/span><\/strong> (sans substitut alimentaire ou m\u00e9dicament) qui vous permettra de r\u00e9\u00e9quilibrer votre alimentation sans avoir recours au sacrifice du plaisir.<\/p>\n<p>Ce n&rsquo;est pas un r\u00e9gime mais un concept de <strong><span style=\"color: #000000;\">nutrition physiologique<\/span><\/strong>. Le b\u00e9n\u00e9fice bien-\u00eatre et minceur retrouv\u00e9s est rapide et durable.<\/p>\n<h3>Le d\u00e9roul\u00e9 des s\u00e9ances<\/h3>\n<ul>\n<li>\u00a0Premier rendez-vous de coaching (60 min) nous \u00e9tablirons ensemble l&rsquo;<strong><span style=\"color: #000000;\">objectif<\/span><\/strong> \u00e0 atteindre et le travail se d\u00e9roulera sur une ou deux s\u00e9ances selon <strong><span style=\"color: #000000;\">votre<\/span> <span style=\"color: #000000;\">propre situation<\/span><\/strong>.<\/li>\n<li>\u00a0Une s\u00e9ance de 60 minutes sur la pr\u00e9sentation et la mise en place de la m\u00e9thode de nutrition phase <strong><span style=\"color: #000000;\">d\u00e9marrage<\/span><\/strong><\/li>\n<li>15 jours apr\u00e8s, une s\u00e9ance de 30 minutes pour la mise en place de la phase de\u00a0 <span style=\"color: #000000;\"><strong>retour \u00e0 votre poids bien-\u00eatre<\/strong><\/span><\/li>\n<li>Lorsque l&rsquo;objectif est atteint, une s\u00e9ance de 60 min pour la <span style=\"color: #000000;\"><strong>stabilisation<\/strong><\/span>.<\/li>\n<\/ul>\n<p>En dehors de ces s\u00e9ances avec votre coach, un suivi par mails\u00a0 (recettes, p\u00e9riodes de f\u00eates, informations&#8230;) sera mis en place.<\/p>\n<h4>Pr\u00eats ?<\/h4>\n<p><img loading=\"lazy\" class=\"size-medium wp-image-72 aligncenter\" src=\"http:\/\/veroniqueoliviercoaching.com\/wp-content\/uploads\/2018\/10\/Word-Art-poids-300x203.png\" alt=\"\" width=\"300\" height=\"203\" srcset=\"https:\/\/veroniqueoliviercoaching.com\/wp-content\/uploads\/2018\/10\/Word-Art-poids-300x203.png 300w, https:\/\/veroniqueoliviercoaching.com\/wp-content\/uploads\/2018\/10\/Word-Art-poids-768x519.png 768w, https:\/\/veroniqueoliviercoaching.com\/wp-content\/uploads\/2018\/10\/Word-Art-poids.png 859w\" sizes=\"(max-width: 300px) 100vw, 300px\" \/><\/p>\n<p><span style=\"color: #02d3ad;\">PRENDRE RENDEZ-VOUS pour le Belgique par whatsapp 0033 620478030 ou par mail veroniqueoliviercoaching@gmail.com<\/span><\/p>\n","protected":false},"excerpt":{"rendered":"<p>Vers votre poids de bien-\u00eatre Un coaching alliant la gestion des motivations, un travail sur la prise de contr\u00f4le de la probl\u00e9matique et une m\u00e9thode naturelle de perte de poids par une association gagnante des aliments. Finis la culpabilit\u00e9 et les r\u00e9gimes yoyo. A travers ce suivi global et adapt\u00e9 de fa\u00e7on personnalis\u00e9e,\u00a0 vous serez [&hellip;]<\/p>\n","protected":false},"author":1,"featured_media":0,"parent":0,"menu_order":0,"comment_status":"closed","ping_status":"closed","template":"","meta":[],"_links":{"self":[{"href":"https:\/\/veroniqueoliviercoaching.com\/index.php\/wp-json\/wp\/v2\/pages\/70"}],"collection":[{"href":"https:\/\/veroniqueoliviercoaching.com\/index.php\/wp-json\/wp\/v2\/pages"}],"about":[{"href":"https:\/\/veroniqueoliviercoaching.com\/index.php\/wp-json\/wp\/v2\/types\/page"}],"author":[{"embeddable":true,"href":"https:\/\/veroniqueoliviercoaching.com\/index.php\/wp-json\/wp\/v2\/users\/1"}],"replies":[{"embeddable":true,"href":"https:\/\/veroniqueoliviercoaching.com\/index.php\/wp-json\/wp\/v2\/comments?post=70"}],"version-history":[{"count":5,"href":"https:\/\/veroniqueoliviercoaching.com\/index.php\/wp-json\/wp\/v2\/pages\/70\/revisions"}],"predecessor-version":[{"id":202,"href":"https:\/\/veroniqueoliviercoaching.com\/index.php\/wp-json\/wp\/v2\/pages\/70\/revisions\/202"}],"wp:attachment":[{"href":"https:\/\/veroniqueoliviercoaching.com\/index.php\/wp-json\/wp\/v2\/media?parent=70"}],"curies":[{"name":"wp","href":"https:\/\/api.w.org\/{rel}","templated":true}]}}